{"id":2420,"date":"2026-02-16T15:42:56","date_gmt":"2026-02-16T14:42:56","guid":{"rendered":"https:\/\/dankrooss.de\/?page_id=2420"},"modified":"2026-04-09T16:12:35","modified_gmt":"2026-04-09T14:12:35","slug":"startseite","status":"publish","type":"page","link":"https:\/\/dankrooss.de\/en\/","title":{"rendered":"Home"},"content":{"rendered":"<div data-elementor-type=\"wp-page\" data-elementor-id=\"2420\" class=\"elementor elementor-2420\" data-elementor-post-type=\"page\">\n\t\t\t\t<div class=\"elementor-element elementor-element-54768fda e-con-full hero-wrap e-flex elementor-invisible e-con e-parent\" data-id=\"54768fda\" data-element_type=\"container\" data-e-type=\"container\" data-settings=\"{&quot;animation&quot;:&quot;fadeInLeft&quot;,&quot;background_background&quot;:&quot;classic&quot;}\">\n\t\t<div class=\"elementor-element elementor-element-34c82d7 e-flex e-con-boxed e-con e-child\" data-id=\"34c82d7\" data-element_type=\"container\" data-e-type=\"container\">\n\t\t\t\t\t<div class=\"e-con-inner\">\n\t\t\t\t<div class=\"elementor-element elementor-element-70bea63 elementor-widget elementor-widget-image\" data-id=\"70bea63\" data-element_type=\"widget\" data-e-type=\"widget\" data-widget_type=\"image.default\">\n\t\t\t\t\t\t\t\t\t\t\t\t\t\t\t<img fetchpriority=\"high\" decoding=\"async\" width=\"500\" height=\"250\" src=\"https:\/\/dankrooss.de\/wp-content\/uploads\/2026\/03\/gnisNovum-Transparentt-Blau.webp\" class=\"attachment-large size-large wp-image-2819\" alt=\"\" srcset=\"https:\/\/dankrooss.de\/wp-content\/uploads\/2026\/03\/gnisNovum-Transparentt-Blau.webp 500w, https:\/\/dankrooss.de\/wp-content\/uploads\/2026\/03\/gnisNovum-Transparentt-Blau-300x150.webp 300w, https:\/\/dankrooss.de\/wp-content\/uploads\/2026\/03\/gnisNovum-Transparentt-Blau-18x9.webp 18w\" sizes=\"(max-width: 500px) 100vw, 500px\" \/>\t\t\t\t\t\t\t\t\t\t\t\t\t\t\t<\/div>\n\t\t\t\t<div class=\"elementor-element elementor-element-e1761b5 elementor-widget elementor-widget-text-editor\" data-id=\"e1761b5\" data-element_type=\"widget\" data-e-type=\"widget\" data-widget_type=\"text-editor.default\">\n\t\t\t\t\t\t\t\t\t<p>Praxis f\u00fcr Integrale &amp; systemische Beratung,<br \/>Coaching &amp; Therapie<\/p>\t\t\t\t\t\t\t\t<\/div>\n\t\t\t\t\t<\/div>\n\t\t\t\t<\/div>\n\t\t\t\t<\/div>\n\t\t<div class=\"elementor-element elementor-element-64602dce e-con-full e-flex e-con e-parent\" data-id=\"64602dce\" data-element_type=\"container\" data-e-type=\"container\">\n\t\t<div class=\"elementor-element elementor-element-13d7bffc e-con-full e-flex e-con e-child\" data-id=\"13d7bffc\" data-element_type=\"container\" data-e-type=\"container\">\n\t\t\t\t<div class=\"elementor-element elementor-element-541ca2e6 elementor-pagination-position-outside elementor-widget elementor-widget-image-carousel\" data-id=\"541ca2e6\" data-element_type=\"widget\" data-e-type=\"widget\" data-settings=\"{&quot;slides_to_show&quot;:&quot;1&quot;,&quot;navigation&quot;:&quot;dots&quot;,&quot;pause_on_interaction&quot;:&quot;no&quot;,&quot;effect&quot;:&quot;fade&quot;,&quot;autoplay&quot;:&quot;yes&quot;,&quot;pause_on_hover&quot;:&quot;yes&quot;,&quot;autoplay_speed&quot;:5000,&quot;infinite&quot;:&quot;yes&quot;,&quot;speed&quot;:500}\" data-widget_type=\"image-carousel.default\">\n\t\t\t\t\t\t\t<div class=\"elementor-image-carousel-wrapper swiper\" role=\"region\" aria-roledescription=\"carousel\" aria-label=\"Bild Karussell\" dir=\"ltr\">\n\t\t\t<div class=\"elementor-image-carousel swiper-wrapper swiper-image-stretch\" aria-live=\"off\">\n\t\t\t\t\t\t\t\t<div class=\"swiper-slide\" role=\"group\" aria-roledescription=\"slide\" aria-label=\"1 von 1\"><figure class=\"swiper-slide-inner\"><img decoding=\"async\" class=\"swiper-slide-image\" src=\"https:\/\/dankrooss.de\/wp-content\/uploads\/2025\/11\/20250929_163754-1.jpeg\" alt=\"20250929_163754 (1)\" \/><\/figure><\/div>\t\t\t<\/div>\n\t\t\t\t\t<\/div>\n\t\t\t\t\t\t<\/div>\n\t\t\t\t<\/div>\n\t\t<div class=\"elementor-element elementor-element-2bc4d7a2 e-con-full e-flex e-con e-child\" data-id=\"2bc4d7a2\" data-element_type=\"container\" data-e-type=\"container\">\n\t\t\t\t<div class=\"elementor-element elementor-element-660d63d elementor-widget elementor-widget-heading\" data-id=\"660d63d\" data-element_type=\"widget\" data-e-type=\"widget\" data-widget_type=\"heading.default\">\n\t\t\t\t\t<h1 class=\"elementor-heading-title elementor-size-default\">Coaching with depth and clarity<\/h1>\t\t\t\t<\/div>\n\t\t\t\t<div class=\"elementor-element elementor-element-f1d8eec elementor-widget elementor-widget-spacer\" data-id=\"f1d8eec\" data-element_type=\"widget\" data-e-type=\"widget\" data-widget_type=\"spacer.default\">\n\t\t\t\t\t\t\t<div class=\"elementor-spacer\">\n\t\t\t<div class=\"elementor-spacer-inner\"><\/div>\n\t\t<\/div>\n\t\t\t\t\t\t<\/div>\n\t\t\t\t<div class=\"elementor-element elementor-element-f2744ef elementor-widget__width-initial elementor-widget elementor-widget-text-editor\" data-id=\"f2744ef\" data-element_type=\"widget\" data-e-type=\"widget\" data-widget_type=\"text-editor.default\">\n\t\t\t\t\t\t\t\t\t<div role=\"paragraph\">Du sp\u00fcrst, dass sich etwas ver\u00e4ndern soll \u2013 im Beruf, im Leben oder in Dir selbst. Vielleicht fehlt die Richtung. Vielleicht ist da eine Ersch\u00f6pfung, ein Gef\u00fchl von Stagnation oder der Wunsch nach mehr Sinn und Stimmigkeit.<\/div><p>\u00a0<\/p><div role=\"paragraph\">Ich bin Dan Kroo\u00df \u2013 Heilpraktiker und integraler Coach in Jork. Ich begleite Menschen, die in solchen Momenten nicht einfach eine schnelle L\u00f6sung suchen, sondern wirklich etwas verstehen und ver\u00e4ndern wollen. In meiner Arbeit verbinden sich psychologische Tiefe, Achtsamkeit, K\u00f6rperwahrnehmung und geerdete Lebenserfahrung.<\/div><p>\u00a0<\/p><div role=\"paragraph\">So entsteht ein Raum, in dem Du Dich selbst klarer wahrnehmen, alte Muster erkennen und neue Schritte entwickeln kannst \u2013 bewusster, freier und stimmiger mit Dir selbst.\u00a0<br \/><br \/>Genau das ist es, wof\u00fcr der Name &#8222;Ignis Novum&#8220; steht: Selbst aus einem noch so kleinen Funken kannst Du ein lebendiges Feuer entfachen, das Deine innere Kraft, Ruhe und Klarheit hervorbringt.<\/div><p>\u00a0<\/p><section class=\"intro-sec\"><b>Integral coaching \u2013<br \/>at my place in Jork or online.<\/b><\/section>\t\t\t\t\t\t\t\t<\/div>\n\t\t\t\t<div class=\"elementor-element elementor-element-d12253c elementor-widget-divider--separator-type-pattern elementor-widget-divider--no-spacing elementor-widget-divider--view-line elementor-widget elementor-widget-divider\" data-id=\"d12253c\" data-element_type=\"widget\" data-e-type=\"widget\" data-widget_type=\"divider.default\">\n\t\t\t\t\t\t\t<div class=\"elementor-divider\" style=\"--divider-pattern-url: url(&quot;data:image\/svg+xml,%3Csvg xmlns=&#039;http:\/\/www.w3.org\/2000\/svg&#039; preserveAspectRatio=&#039;xMidYMid meet&#039; overflow=&#039;visible&#039; height=&#039;100%&#039; viewBox=&#039;0 0 126 26&#039; fill=&#039;black&#039; stroke=&#039;none&#039;%3E%3Cpath d=&#039;M111.9,18.3v3.4H109v-3.4H111.9z M90.8,18.3v3.4H88v-3.4H90.8z M69.8,18.3v3.4h-2.9v-3.4H69.8z M48.8,18.3v3.4h-2.9v-3.4H48.8z M27.7,18.3v3.4h-2.9v-3.4H27.7z M6.7,18.3v3.4H3.8v-3.4H6.7z M46.4,4l4.3,4.8l-1.8,0l3.5,4.4l-2.2-0.1l3,3.3l-11,0.4l3.6-3.8l-2.9-0.1l3.1-4.2l-1.9,0L46.4,4z M111.4,4l2.4,4.8l-1.8,0l3.5,4.4l-2.5-0.1l3.3,3.3h-11l3.1-3.4l-2.5-0.1l3.1-4.2l-1.9,0L111.4,4z M89.9,4l2.9,4.8l-1.9,0l3.2,4.2l-2.5,0l3.5,3.5l-11-0.4l3-3.1l-2.4,0L88,8.8l-1.9,0L89.9,4z M68.6,4l3,4.4l-1.9,0.1l3.4,4.1l-2.7,0.1l3.8,3.7H63.8l2.9-3.6l-2.9,0.1L67,8.7l-2,0.1L68.6,4z M26.5,4l3,4.4l-1.9,0.1l3.7,4.7l-2.5-0.1l3.3,3.3H21l3.1-3.4l-2.5-0.1l3.2-4.3l-2,0.1L26.5,4z M4.9,4l3.7,4.8l-1.5,0l3.1,4.2L7.6,13l3.4,3.4H0l3-3.3l-2.3,0.1l3.5-4.4l-2.3,0L4.9,4z&#039;\/%3E%3C\/svg%3E&quot;);\">\n\t\t\t<span class=\"elementor-divider-separator\">\n\t\t\t\t\t\t<\/span>\n\t\t<\/div>\n\t\t\t\t\t\t<\/div>\n\t\t\t\t<div class=\"elementor-element elementor-element-7afa823 elementor-widget-divider--separator-type-pattern elementor-widget-divider--no-spacing elementor-widget-divider--view-line elementor-widget elementor-widget-divider\" data-id=\"7afa823\" data-element_type=\"widget\" data-e-type=\"widget\" data-widget_type=\"divider.default\">\n\t\t\t\t\t\t\t<div class=\"elementor-divider\" style=\"--divider-pattern-url: url(&quot;data:image\/svg+xml,%3Csvg xmlns=&#039;http:\/\/www.w3.org\/2000\/svg&#039; preserveAspectRatio=&#039;xMidYMid meet&#039; overflow=&#039;visible&#039; height=&#039;100%&#039; viewBox=&#039;0 0 126 26&#039; fill=&#039;black&#039; stroke=&#039;none&#039;%3E%3Cpath d=&#039;M111.9,18.3v3.4H109v-3.4H111.9z M90.8,18.3v3.4H88v-3.4H90.8z M69.8,18.3v3.4h-2.9v-3.4H69.8z M48.8,18.3v3.4h-2.9v-3.4H48.8z M27.7,18.3v3.4h-2.9v-3.4H27.7z M6.7,18.3v3.4H3.8v-3.4H6.7z M46.4,4l4.3,4.8l-1.8,0l3.5,4.4l-2.2-0.1l3,3.3l-11,0.4l3.6-3.8l-2.9-0.1l3.1-4.2l-1.9,0L46.4,4z M111.4,4l2.4,4.8l-1.8,0l3.5,4.4l-2.5-0.1l3.3,3.3h-11l3.1-3.4l-2.5-0.1l3.1-4.2l-1.9,0L111.4,4z M89.9,4l2.9,4.8l-1.9,0l3.2,4.2l-2.5,0l3.5,3.5l-11-0.4l3-3.1l-2.4,0L88,8.8l-1.9,0L89.9,4z M68.6,4l3,4.4l-1.9,0.1l3.4,4.1l-2.7,0.1l3.8,3.7H63.8l2.9-3.6l-2.9,0.1L67,8.7l-2,0.1L68.6,4z M26.5,4l3,4.4l-1.9,0.1l3.7,4.7l-2.5-0.1l3.3,3.3H21l3.1-3.4l-2.5-0.1l3.2-4.3l-2,0.1L26.5,4z M4.9,4l3.7,4.8l-1.5,0l3.1,4.2L7.6,13l3.4,3.4H0l3-3.3l-2.3,0.1l3.5-4.4l-2.3,0L4.9,4z&#039;\/%3E%3C\/svg%3E&quot;);\">\n\t\t\t<span class=\"elementor-divider-separator\">\n\t\t\t\t\t\t<\/span>\n\t\t<\/div>\n\t\t\t\t\t\t<\/div>\n\t\t\t\t<div class=\"elementor-element elementor-element-afb38e0 elementor-align-center elementor-widget__width-initial elementor-widget elementor-widget-button\" data-id=\"afb38e0\" data-element_type=\"widget\" data-e-type=\"widget\" data-widget_type=\"button.default\">\n\t\t\t\t\t\t\t\t\t\t<a class=\"elementor-button elementor-button-link elementor-size-sm\" href=\"https:\/\/dankrooss.de\/en\/kontakt\/\">\n\t\t\t\t\t\t<span class=\"elementor-button-content-wrapper\">\n\t\t\t\t\t\t\t\t\t<span class=\"elementor-button-text\">Jetzt kostenloses <br>  Erstgespr\u00e4ch vereinbaren<\/span>\n\t\t\t\t\t<\/span>\n\t\t\t\t\t<\/a>\n\t\t\t\t\t\t\t\t<\/div>\n\t\t\t\t<\/div>\n\t\t\t\t<\/div>\n\t\t<div class=\"elementor-element elementor-element-f432a78 e-con-full e-flex e-con e-parent\" data-id=\"f432a78\" data-element_type=\"container\" data-e-type=\"container\">\n\t\t<div class=\"elementor-element elementor-element-5e07416a e-con-full quote-clean e-flex e-con e-child\" data-id=\"5e07416a\" data-element_type=\"container\" data-e-type=\"container\" data-settings=\"{&quot;background_background&quot;:&quot;gradient&quot;}\">\n\t\t\t\t<div class=\"elementor-element elementor-element-74be33b elementor-widget__width-inherit elementor-widget elementor-widget-text-editor\" data-id=\"74be33b\" data-element_type=\"widget\" data-e-type=\"widget\" data-widget_type=\"text-editor.default\">\n\t\t\t\t\t\t\t\t\t<figure class=\"yk-quote\"><blockquote><p>\"The time of failure is the best time to sow the seeds of success.\"<\/p><\/blockquote><figcaption>\u2013 Paramahansa Yogananda, <em>The Law of Success<\/em> \u2013<\/figcaption><\/figure>\t\t\t\t\t\t\t\t<\/div>\n\t\t\t\t<\/div>\n\t\t\t\t<div class=\"elementor-element elementor-element-504061a3 elementor-widget elementor-widget-heading\" data-id=\"504061a3\" data-element_type=\"widget\" data-e-type=\"widget\" data-widget_type=\"heading.default\">\n\t\t\t\t\t<h2 class=\"elementor-heading-title elementor-size-default\">My offer<\/h2>\t\t\t\t<\/div>\n\t\t<div class=\"elementor-element elementor-element-603cf9f8 e-con-full e-flex e-con e-child\" data-id=\"603cf9f8\" data-element_type=\"container\" data-e-type=\"container\">\n\t\t<div class=\"elementor-element elementor-element-750aab8a e-con-full e-flex e-con e-child\" data-id=\"750aab8a\" data-element_type=\"container\" data-e-type=\"container\">\n\t\t<div class=\"elementor-element elementor-element-10f72d55 e-con-full e-flex e-con e-child\" data-id=\"10f72d55\" data-element_type=\"container\" data-e-type=\"container\" data-settings=\"{&quot;background_background&quot;:&quot;classic&quot;}\">\n\t\t\t\t<div class=\"elementor-element elementor-element-66da657e elementor-position-top elementor-widget elementor-widget-image-box\" data-id=\"66da657e\" data-element_type=\"widget\" data-e-type=\"widget\" data-widget_type=\"image-box.default\">\n\t\t\t\t\t<div class=\"elementor-image-box-wrapper\"><figure class=\"elementor-image-box-img\"><a href=\"https:\/\/dankrooss.de\/en\/integrales_coaching\/\" tabindex=\"-1\"><img decoding=\"async\" width=\"1024\" height=\"1024\" src=\"https:\/\/dankrooss.de\/wp-content\/uploads\/2025\/11\/ChatGPT-Image-19.-Nov.-2025-11_10_08.webp\" class=\"attachment-full size-full wp-image-1433\" alt=\"\" srcset=\"https:\/\/dankrooss.de\/wp-content\/uploads\/2025\/11\/ChatGPT-Image-19.-Nov.-2025-11_10_08.webp 1024w, https:\/\/dankrooss.de\/wp-content\/uploads\/2025\/11\/ChatGPT-Image-19.-Nov.-2025-11_10_08-300x300.webp 300w, https:\/\/dankrooss.de\/wp-content\/uploads\/2025\/11\/ChatGPT-Image-19.-Nov.-2025-11_10_08-150x150.webp 150w, https:\/\/dankrooss.de\/wp-content\/uploads\/2025\/11\/ChatGPT-Image-19.-Nov.-2025-11_10_08-768x768.webp 768w\" sizes=\"(max-width: 1024px) 100vw, 1024px\" \/><\/a><\/figure><div class=\"elementor-image-box-content\"><h3 class=\"elementor-image-box-title\"><a href=\"https:\/\/dankrooss.de\/en\/integrales_coaching\/\">Integral coaching<\/a><\/h3><p class=\"elementor-image-box-description\">Wir betrachten Dein Anliegen ganzheitlich - auf der Ebene von Denken, F\u00fchlen, K\u00f6rper und Handeln. \n<br \/><br \/>\nNicht nur das Problem im Blick, sondern Dich als ganzen Menschen.<\/p><\/div><\/div>\t\t\t\t<\/div>\n\t\t\t\t<div class=\"elementor-element elementor-element-013f109 elementor-widget elementor-widget-spacer\" data-id=\"013f109\" data-element_type=\"widget\" data-e-type=\"widget\" data-widget_type=\"spacer.default\">\n\t\t\t\t\t\t\t<div class=\"elementor-spacer\">\n\t\t\t<div class=\"elementor-spacer-inner\"><\/div>\n\t\t<\/div>\n\t\t\t\t\t\t<\/div>\n\t\t\t\t<div class=\"elementor-element elementor-element-448233e3 elementor-align-center elementor-widget elementor-widget-button\" data-id=\"448233e3\" data-element_type=\"widget\" data-e-type=\"widget\" data-widget_type=\"button.default\">\n\t\t\t\t\t\t\t\t\t\t<a class=\"elementor-button elementor-button-link elementor-size-sm\" href=\"https:\/\/dankrooss.de\/en\/integrales_coaching\/\">\n\t\t\t\t\t\t<span class=\"elementor-button-content-wrapper\">\n\t\t\t\t\t\t\t\t\t<span class=\"elementor-button-text\">Learn more<\/span>\n\t\t\t\t\t<\/span>\n\t\t\t\t\t<\/a>\n\t\t\t\t\t\t\t\t<\/div>\n\t\t\t\t<\/div>\n\t\t<div class=\"elementor-element elementor-element-208e0f40 e-con-full e-flex e-con e-child\" data-id=\"208e0f40\" data-element_type=\"container\" data-e-type=\"container\" data-settings=\"{&quot;background_background&quot;:&quot;classic&quot;}\">\n\t\t\t\t<div class=\"elementor-element elementor-element-54f33611 elementor-position-top elementor-widget elementor-widget-image-box\" data-id=\"54f33611\" data-element_type=\"widget\" data-e-type=\"widget\" data-widget_type=\"image-box.default\">\n\t\t\t\t\t<div class=\"elementor-image-box-wrapper\"><figure class=\"elementor-image-box-img\"><a href=\"https:\/\/dankrooss.de\/en\/coaching-bei-neuorientierung\/\" tabindex=\"-1\"><img decoding=\"async\" width=\"231\" height=\"224\" src=\"https:\/\/dankrooss.de\/wp-content\/uploads\/2025\/11\/Bildschirmfoto-2025-11-19-um-11.24.21.webp\" class=\"attachment-full size-full wp-image-1434\" alt=\"\" \/><\/a><\/figure><div class=\"elementor-image-box-content\"><h3 class=\"elementor-image-box-title\"><a href=\"https:\/\/dankrooss.de\/en\/coaching-bei-neuorientierung\/\">Coaching for reorientation<\/a><\/h3><p class=\"elementor-image-box-description\">Begleitung in Phasen des Wandels:\n<br \/><br \/>\nWenn das Alte nicht mehr passt und das Neue noch nicht greifbar ist \u2013 beruflich wie privat.<\/p><\/div><\/div>\t\t\t\t<\/div>\n\t\t\t\t<div class=\"elementor-element elementor-element-95ced22 elementor-widget elementor-widget-spacer\" data-id=\"95ced22\" data-element_type=\"widget\" data-e-type=\"widget\" data-widget_type=\"spacer.default\">\n\t\t\t\t\t\t\t<div class=\"elementor-spacer\">\n\t\t\t<div class=\"elementor-spacer-inner\"><\/div>\n\t\t<\/div>\n\t\t\t\t\t\t<\/div>\n\t\t\t\t<div class=\"elementor-element elementor-element-38499ff9 elementor-align-center elementor-widget elementor-widget-button\" data-id=\"38499ff9\" data-element_type=\"widget\" data-e-type=\"widget\" data-widget_type=\"button.default\">\n\t\t\t\t\t\t\t\t\t\t<a class=\"elementor-button elementor-button-link elementor-size-sm\" href=\"https:\/\/dankrooss.de\/en\/coaching-bei-neuorientierung\/\">\n\t\t\t\t\t\t<span class=\"elementor-button-content-wrapper\">\n\t\t\t\t\t\t\t\t\t<span class=\"elementor-button-text\">Learn more<\/span>\n\t\t\t\t\t<\/span>\n\t\t\t\t\t<\/a>\n\t\t\t\t\t\t\t\t<\/div>\n\t\t\t\t<\/div>\n\t\t<div class=\"elementor-element elementor-element-4951f18a e-con-full e-flex e-con e-child\" data-id=\"4951f18a\" data-element_type=\"container\" data-e-type=\"container\" data-settings=\"{&quot;background_background&quot;:&quot;classic&quot;}\">\n\t\t\t\t<div class=\"elementor-element elementor-element-25846d51 elementor-position-top elementor-widget elementor-widget-image-box\" data-id=\"25846d51\" data-element_type=\"widget\" data-e-type=\"widget\" data-widget_type=\"image-box.default\">\n\t\t\t\t\t<div class=\"elementor-image-box-wrapper\"><figure class=\"elementor-image-box-img\"><a href=\"https:\/\/dankrooss.de\/en\/koerper-bewusstseinsarbeit\/\" tabindex=\"-1\"><img loading=\"lazy\" decoding=\"async\" width=\"960\" height=\"1280\" src=\"https:\/\/dankrooss.de\/wp-content\/uploads\/2025\/10\/20250929_163803.webp\" class=\"attachment-full size-full wp-image-41\" alt=\"\" srcset=\"https:\/\/dankrooss.de\/wp-content\/uploads\/2025\/10\/20250929_163803.webp 960w, https:\/\/dankrooss.de\/wp-content\/uploads\/2025\/10\/20250929_163803-225x300.webp 225w, https:\/\/dankrooss.de\/wp-content\/uploads\/2025\/10\/20250929_163803-768x1024.webp 768w\" sizes=\"(max-width: 960px) 100vw, 960px\" \/><\/a><\/figure><div class=\"elementor-image-box-content\"><h3 class=\"elementor-image-box-title\"><a href=\"https:\/\/dankrooss.de\/en\/koerper-bewusstseinsarbeit\/\">K\u00f6rper- &amp; Bewusstsein<\/a><\/h3><p class=\"elementor-image-box-description\">Durch Atem\u00fcbungen, K\u00f6rperwahrnehmung und Achtsamkeit wieder aus dem Kopf in den K\u00f6rper finden.\n<br \/><br \/>\nDer K\u00f6rper als Ressource \u2013 nicht als Problem.\n<\/p><\/div><\/div>\t\t\t\t<\/div>\n\t\t\t\t<div class=\"elementor-element elementor-element-79b2a0b elementor-widget elementor-widget-spacer\" data-id=\"79b2a0b\" data-element_type=\"widget\" data-e-type=\"widget\" data-widget_type=\"spacer.default\">\n\t\t\t\t\t\t\t<div class=\"elementor-spacer\">\n\t\t\t<div class=\"elementor-spacer-inner\"><\/div>\n\t\t<\/div>\n\t\t\t\t\t\t<\/div>\n\t\t\t\t<div class=\"elementor-element elementor-element-43ac9c9b elementor-align-center elementor-widget elementor-widget-button\" data-id=\"43ac9c9b\" data-element_type=\"widget\" data-e-type=\"widget\" data-widget_type=\"button.default\">\n\t\t\t\t\t\t\t\t\t\t<a class=\"elementor-button elementor-button-link elementor-size-sm\" href=\"https:\/\/dankrooss.de\/en\/koerper-bewusstseinsarbeit\/\">\n\t\t\t\t\t\t<span class=\"elementor-button-content-wrapper\">\n\t\t\t\t\t\t\t\t\t<span class=\"elementor-button-text\">Learn more<\/span>\n\t\t\t\t\t<\/span>\n\t\t\t\t\t<\/a>\n\t\t\t\t\t\t\t\t<\/div>\n\t\t\t\t<\/div>\n\t\t<div class=\"elementor-element elementor-element-1856c2ea e-con-full e-flex e-con e-child\" data-id=\"1856c2ea\" data-element_type=\"container\" data-e-type=\"container\" data-settings=\"{&quot;background_background&quot;:&quot;classic&quot;}\">\n\t\t\t\t<div class=\"elementor-element elementor-element-761ad57f elementor-position-top elementor-widget elementor-widget-image-box\" data-id=\"761ad57f\" data-element_type=\"widget\" data-e-type=\"widget\" data-widget_type=\"image-box.default\">\n\t\t\t\t\t<div class=\"elementor-image-box-wrapper\"><figure class=\"elementor-image-box-img\"><a href=\"https:\/\/dankrooss.de\/en\/aufstellungen-schattenarbeit\/\" tabindex=\"-1\"><img loading=\"lazy\" decoding=\"async\" width=\"1280\" height=\"960\" src=\"https:\/\/dankrooss.de\/wp-content\/uploads\/2025\/10\/20250929_163746.webp\" class=\"attachment-full size-full wp-image-34\" alt=\"\" srcset=\"https:\/\/dankrooss.de\/wp-content\/uploads\/2025\/10\/20250929_163746.webp 1280w, https:\/\/dankrooss.de\/wp-content\/uploads\/2025\/10\/20250929_163746-300x225.webp 300w, https:\/\/dankrooss.de\/wp-content\/uploads\/2025\/10\/20250929_163746-1024x768.webp 1024w, https:\/\/dankrooss.de\/wp-content\/uploads\/2025\/10\/20250929_163746-768x576.webp 768w\" sizes=\"(max-width: 1280px) 100vw, 1280px\" \/><\/a><\/figure><div class=\"elementor-image-box-content\"><h3 class=\"elementor-image-box-title\"><a href=\"https:\/\/dankrooss.de\/en\/aufstellungen-schattenarbeit\/\">Systemic Constellations &amp; Shadow Work<\/a><\/h3><p class=\"elementor-image-box-description\">Arbeit mit dem, was im Hintergrund wirkt: alte Pr\u00e4gungen, innere Anteile, unbewusste Muster. \n<br \/><br \/>\nNicht um sie zu bek\u00e4mpfen \u2013 sondern um sie zu verstehen und zu integrieren.<\/p><\/div><\/div>\t\t\t\t<\/div>\n\t\t\t\t<div class=\"elementor-element elementor-element-e0c8213 elementor-widget elementor-widget-spacer\" data-id=\"e0c8213\" data-element_type=\"widget\" data-e-type=\"widget\" data-widget_type=\"spacer.default\">\n\t\t\t\t\t\t\t<div class=\"elementor-spacer\">\n\t\t\t<div class=\"elementor-spacer-inner\"><\/div>\n\t\t<\/div>\n\t\t\t\t\t\t<\/div>\n\t\t\t\t<div class=\"elementor-element elementor-element-6d352988 elementor-align-center elementor-widget elementor-widget-button\" data-id=\"6d352988\" data-element_type=\"widget\" data-e-type=\"widget\" data-widget_type=\"button.default\">\n\t\t\t\t\t\t\t\t\t\t<a class=\"elementor-button elementor-button-link elementor-size-sm\" href=\"https:\/\/dankrooss.de\/en\/aufstellungen-schattenarbeit\/\">\n\t\t\t\t\t\t<span class=\"elementor-button-content-wrapper\">\n\t\t\t\t\t\t\t\t\t<span class=\"elementor-button-text\">Learn more<\/span>\n\t\t\t\t\t<\/span>\n\t\t\t\t\t<\/a>\n\t\t\t\t\t\t\t\t<\/div>\n\t\t\t\t<\/div>\n\t\t\t\t<\/div>\n\t\t\t\t<\/div>\n\t\t\t\t<\/div>\n\t\t<div class=\"elementor-element elementor-element-3dd5195 e-flex e-con-boxed e-con e-parent\" data-id=\"3dd5195\" data-element_type=\"container\" data-e-type=\"container\">\n\t\t\t\t\t<div class=\"e-con-inner\">\n\t\t\t\t<div class=\"elementor-element elementor-element-b4b62d9 elementor-widget-divider--view-line elementor-widget elementor-widget-divider\" data-id=\"b4b62d9\" data-element_type=\"widget\" data-e-type=\"widget\" data-widget_type=\"divider.default\">\n\t\t\t\t\t\t\t<div class=\"elementor-divider\">\n\t\t\t<span class=\"elementor-divider-separator\">\n\t\t\t\t\t\t<\/span>\n\t\t<\/div>\n\t\t\t\t\t\t<\/div>\n\t\t\t\t\t<\/div>\n\t\t\t\t<\/div>\n\t\t\t\t<\/div>","protected":false},"excerpt":{"rendered":"<p>Praxis f\u00fcr Integrale &amp; systemische Beratung,Coaching &amp; Therapie Coaching mit Tiefe &amp; Klarheit Du sp\u00fcrst, dass sich etwas ver\u00e4ndern soll \u2013 im Beruf, im Leben [&hellip;]<\/p>\n","protected":false},"author":1,"featured_media":0,"parent":0,"menu_order":1,"comment_status":"closed","ping_status":"closed","template":"elementor_header_footer","meta":{"_kadence_starter_templates_imported_post":false,"footnotes":""},"class_list":["post-2420","page","type-page","status-publish","hentry"],"_links":{"self":[{"href":"https:\/\/dankrooss.de\/en\/wp-json\/wp\/v2\/pages\/2420","targetHints":{"allow":["GET"]}}],"collection":[{"href":"https:\/\/dankrooss.de\/en\/wp-json\/wp\/v2\/pages"}],"about":[{"href":"https:\/\/dankrooss.de\/en\/wp-json\/wp\/v2\/types\/page"}],"author":[{"embeddable":true,"href":"https:\/\/dankrooss.de\/en\/wp-json\/wp\/v2\/users\/1"}],"replies":[{"embeddable":true,"href":"https:\/\/dankrooss.de\/en\/wp-json\/wp\/v2\/comments?post=2420"}],"version-history":[{"count":10,"href":"https:\/\/dankrooss.de\/en\/wp-json\/wp\/v2\/pages\/2420\/revisions"}],"predecessor-version":[{"id":3314,"href":"https:\/\/dankrooss.de\/en\/wp-json\/wp\/v2\/pages\/2420\/revisions\/3314"}],"wp:attachment":[{"href":"https:\/\/dankrooss.de\/en\/wp-json\/wp\/v2\/media?parent=2420"}],"curies":[{"name":"wp","href":"https:\/\/api.w.org\/{rel}","templated":true}]}}