{"id":1282,"date":"2025-11-14T13:32:23","date_gmt":"2025-11-14T12:32:23","guid":{"rendered":"https:\/\/dankrooss.de\/?page_id=1282"},"modified":"2026-04-08T17:21:45","modified_gmt":"2026-04-08T15:21:45","slug":"coaching-bei-neuorientierung","status":"publish","type":"page","link":"https:\/\/dankrooss.de\/en\/coaching-bei-neuorientierung\/","title":{"rendered":"Meine Angebote &#8211; Coaching bei Neuorientierung"},"content":{"rendered":"<div data-elementor-type=\"wp-page\" data-elementor-id=\"1282\" class=\"elementor elementor-1282\" data-elementor-post-type=\"page\">\n\t\t\t\t<div class=\"elementor-element elementor-element-79337ab3 e-flex e-con-boxed e-con e-parent\" data-id=\"79337ab3\" data-element_type=\"container\" data-e-type=\"container\">\n\t\t\t\t\t<div class=\"e-con-inner\">\n\t\t\t\t\t<\/div>\n\t\t\t\t<\/div>\n\t\t<div class=\"elementor-element elementor-element-7e361ef8 e-flex e-con-boxed e-con e-parent\" data-id=\"7e361ef8\" data-element_type=\"container\" data-e-type=\"container\" id=\"service1\">\n\t\t\t\t\t<div class=\"e-con-inner\">\n\t\t<div class=\"elementor-element elementor-element-132928fd e-con-full e-flex e-con e-child\" data-id=\"132928fd\" data-element_type=\"container\" data-e-type=\"container\">\n\t\t\t\t<div class=\"elementor-element elementor-element-62b9e50a elementor-widget elementor-widget-heading\" data-id=\"62b9e50a\" data-element_type=\"widget\" data-e-type=\"widget\" data-widget_type=\"heading.default\">\n\t\t\t\t\t<h2 class=\"elementor-heading-title elementor-size-default\">Coaching for reorientation<\/h2>\t\t\t\t<\/div>\n\t\t\t\t<div class=\"elementor-element elementor-element-902776c elementor-widget elementor-widget-spacer\" data-id=\"902776c\" data-element_type=\"widget\" data-e-type=\"widget\" data-widget_type=\"spacer.default\">\n\t\t\t\t\t\t\t<div class=\"elementor-spacer\">\n\t\t\t<div class=\"elementor-spacer-inner\"><\/div>\n\t\t<\/div>\n\t\t\t\t\t\t<\/div>\n\t\t\t\t<div class=\"elementor-element elementor-element-7f0d478e elementor-widget elementor-widget-text-editor\" data-id=\"7f0d478e\" data-element_type=\"widget\" data-e-type=\"widget\" data-widget_type=\"text-editor.default\">\n\t\t\t\t\t\t\t\t\t<section class=\"service-detail service-neuorientierung\"><div class=\"symptom-box\"><h3>Perhaps you know this feeling\u2026<\/h3><ul><li>Du sp\u00fcrst, dass Dein Job, Deine Rolle oder Dein Alltag nicht mehr wirklich zu Dir passen \u2013 aber was stattdessen kommen soll, ist noch unklar.<\/li><li>Das Gef\u00fchl, dass sich etwas ver\u00e4ndern muss, ist da. Die Richtung noch nicht.<\/li><li>Du machst Kompromisse \u2013 und merkst, dass sie Dich mehr kosten, als Du Dir eingestehen m\u00f6chtest.<\/li><\/ul><\/div><div role=\"paragraph\">Vielleicht war es kein Bruch &#8211; sondern ein langsames Auseinanderdriften. Irgendwann passt das, was Du tust, nicht mehr zu dem, wer Du geworden bist.<\/div><div role=\"paragraph\">\u00a0<\/div><div role=\"paragraph\">Neuorientierung ist selten ein klarer Schnitt. Meistens ist es ein Zwischenraum: Das Alte passt nicht mehr \u2013 das Neue ist noch nicht greifbar. Das ist oft beides zugleich: befreiend und verunsichernd.<\/div><div role=\"paragraph\">\u00a0<\/div><div role=\"paragraph\">In diesem Prozess begleite ich Dich dabei, das zu sortieren, was sich aufgestaut hat \u2013 W\u00fcnsche, Zweifel, \u00c4ngste, ungelebte M\u00f6glichkeiten. Nicht mit einem fertigen Plan, sondern durch gezielte Fragen, ehrliches Spiegeln und den Raum, Dinge wirklich zu Ende zu denken. So entsteht allm\u00e4hlich ein Bild, das Dich von innen heraus orientiert: Was passt wirklich zu Dir? Was darf gehen? Was will wachsen?<\/div><div role=\"paragraph\">\u00a0<\/div><div role=\"paragraph\">Wir schauen gemeinsam auf Deine Werte, auf das, was Dich antreibt \u2013 und auf das, was Dich bremst. Du gewinnst Vertrauen in Deine eigenen Entscheidungen und findest einen n\u00e4chsten Schritt, der nicht nur logisch klingt, sondern sich innerlich richtig anf\u00fchlt.<\/div><div class=\"fit-box\"><h3>Coaching bei Neuorientierung passt zu Dir, wenn Du\u2026<\/h3><ul><li>an einem Punkt stehst, an dem das Alte nicht mehr stimmt \u2013 aber das Neue noch nicht klar ist<\/li><li>eine berufliche oder pers\u00f6nliche Ver\u00e4nderung angehst und dabei nicht alleine sortieren m\u00f6chtest<\/li><li>wieder sp\u00fcren willst, was Dir wirklich wichtig ist \u2013 und wohin Du eigentlich willst<\/li><\/ul><\/div><h3>Result<\/h3><div role=\"paragraph\">Klarheit dar\u00fcber, was wirklich zu Dir passt. Ein guter Abschluss mit dem, was war. Und ein n\u00e4chster Schritt, den Du mit \u00dcberzeugung gehen kannst.<\/div><\/section>\t\t\t\t\t\t\t\t<\/div>\n\t\t\t\t<div class=\"elementor-element elementor-element-e31e519 elementor-widget elementor-widget-spacer\" data-id=\"e31e519\" data-element_type=\"widget\" data-e-type=\"widget\" data-widget_type=\"spacer.default\">\n\t\t\t\t\t\t\t<div class=\"elementor-spacer\">\n\t\t\t<div class=\"elementor-spacer-inner\"><\/div>\n\t\t<\/div>\n\t\t\t\t\t\t<\/div>\n\t\t\t\t<div class=\"elementor-element elementor-element-62ff3a4 elementor-widget elementor-widget-heading\" data-id=\"62ff3a4\" data-element_type=\"widget\" data-e-type=\"widget\" data-widget_type=\"heading.default\">\n\t\t\t\t\t<h5 class=\"elementor-heading-title elementor-size-default\">Einzelsitzungen - <br \/>\nat my place in Jork or online.<\/h5>\t\t\t\t<\/div>\n\t\t\t\t<div class=\"elementor-element elementor-element-dbe3221 elementor-widget elementor-widget-spacer\" data-id=\"dbe3221\" data-element_type=\"widget\" data-e-type=\"widget\" data-widget_type=\"spacer.default\">\n\t\t\t\t\t\t\t<div class=\"elementor-spacer\">\n\t\t\t<div class=\"elementor-spacer-inner\"><\/div>\n\t\t<\/div>\n\t\t\t\t\t\t<\/div>\n\t\t\t\t<div class=\"elementor-element elementor-element-a13a0c5 elementor-widget elementor-widget-spacer\" data-id=\"a13a0c5\" data-element_type=\"widget\" data-e-type=\"widget\" data-widget_type=\"spacer.default\">\n\t\t\t\t\t\t\t<div class=\"elementor-spacer\">\n\t\t\t<div class=\"elementor-spacer-inner\"><\/div>\n\t\t<\/div>\n\t\t\t\t\t\t<\/div>\n\t\t\t\t<div class=\"elementor-element elementor-element-74771e4 elementor-align-center elementor-widget__width-initial elementor-widget elementor-widget-button\" data-id=\"74771e4\" data-element_type=\"widget\" data-e-type=\"widget\" data-widget_type=\"button.default\">\n\t\t\t\t\t\t\t\t\t\t<a class=\"elementor-button elementor-button-link elementor-size-sm\" href=\"https:\/\/dankrooss.de\/en\/kontakt\/\">\n\t\t\t\t\t\t<span class=\"elementor-button-content-wrapper\">\n\t\t\t\t\t\t\t\t\t<span class=\"elementor-button-text\">Jetzt kostenloses <br>  Erstgespr\u00e4ch vereinbaren<\/span>\n\t\t\t\t\t<\/span>\n\t\t\t\t\t<\/a>\n\t\t\t\t\t\t\t\t<\/div>\n\t\t\t\t<\/div>\n\t\t<div class=\"elementor-element elementor-element-2f14ea25 e-con-full e-flex e-con e-child\" data-id=\"2f14ea25\" data-element_type=\"container\" data-e-type=\"container\" data-settings=\"{&quot;background_background&quot;:&quot;classic&quot;}\">\n\t\t\t\t<div class=\"elementor-element elementor-element-f297274 elementor-widget elementor-widget-image\" data-id=\"f297274\" data-element_type=\"widget\" data-e-type=\"widget\" data-widget_type=\"image.default\">\n\t\t\t\t\t\t\t\t\t\t\t\t\t\t\t<img fetchpriority=\"high\" decoding=\"async\" width=\"625\" height=\"960\" src=\"https:\/\/dankrooss.de\/wp-content\/uploads\/2025\/10\/20250929_163754-1.webp\" class=\"attachment-large size-large wp-image-113\" alt=\"\" srcset=\"https:\/\/dankrooss.de\/wp-content\/uploads\/2025\/10\/20250929_163754-1.webp 625w, https:\/\/dankrooss.de\/wp-content\/uploads\/2025\/10\/20250929_163754-1-195x300.webp 195w\" sizes=\"(max-width: 625px) 100vw, 625px\" \/>\t\t\t\t\t\t\t\t\t\t\t\t\t\t\t<\/div>\n\t\t\t\t<\/div>\n\t\t\t\t\t<\/div>\n\t\t\t\t<\/div>\n\t\t\t\t<\/div>","protected":false},"excerpt":{"rendered":"<p>Coaching bei Neuorientierung Vielleicht kennst Du das\u2026 Du sp\u00fcrst, dass Dein Job, Deine Rolle oder Dein Alltag nicht mehr wirklich zu Dir passen \u2013 aber [&hellip;]<\/p>\n","protected":false},"author":1,"featured_media":0,"parent":0,"menu_order":0,"comment_status":"closed","ping_status":"closed","template":"elementor_header_footer","meta":{"_kadence_starter_templates_imported_post":false,"footnotes":""},"class_list":["post-1282","page","type-page","status-publish","hentry"],"_links":{"self":[{"href":"https:\/\/dankrooss.de\/en\/wp-json\/wp\/v2\/pages\/1282","targetHints":{"allow":["GET"]}}],"collection":[{"href":"https:\/\/dankrooss.de\/en\/wp-json\/wp\/v2\/pages"}],"about":[{"href":"https:\/\/dankrooss.de\/en\/wp-json\/wp\/v2\/types\/page"}],"author":[{"embeddable":true,"href":"https:\/\/dankrooss.de\/en\/wp-json\/wp\/v2\/users\/1"}],"replies":[{"embeddable":true,"href":"https:\/\/dankrooss.de\/en\/wp-json\/wp\/v2\/comments?post=1282"}],"version-history":[{"count":10,"href":"https:\/\/dankrooss.de\/en\/wp-json\/wp\/v2\/pages\/1282\/revisions"}],"predecessor-version":[{"id":3285,"href":"https:\/\/dankrooss.de\/en\/wp-json\/wp\/v2\/pages\/1282\/revisions\/3285"}],"wp:attachment":[{"href":"https:\/\/dankrooss.de\/en\/wp-json\/wp\/v2\/media?parent=1282"}],"curies":[{"name":"wp","href":"https:\/\/api.w.org\/{rel}","templated":true}]}}