{"id":1279,"date":"2025-11-24T16:00:02","date_gmt":"2025-11-24T15:00:02","guid":{"rendered":"https:\/\/dankrooss.de\/?page_id=1279"},"modified":"2026-04-08T17:23:01","modified_gmt":"2026-04-08T15:23:01","slug":"integrales_coaching","status":"publish","type":"page","link":"https:\/\/dankrooss.de\/en\/integrales_coaching\/","title":{"rendered":"Meine Angebote &#8211; Integrales_Coaching"},"content":{"rendered":"<div data-elementor-type=\"wp-page\" data-elementor-id=\"1279\" class=\"elementor elementor-1279\" data-elementor-post-type=\"page\">\n\t\t\t\t<div class=\"elementor-element elementor-element-79337ab3 e-flex e-con-boxed e-con e-parent\" data-id=\"79337ab3\" data-element_type=\"container\" data-e-type=\"container\">\n\t\t\t\t\t<div class=\"e-con-inner\">\n\t\t\t\t\t<\/div>\n\t\t\t\t<\/div>\n\t\t<div class=\"elementor-element elementor-element-7e361ef8 e-flex e-con-boxed e-con e-parent\" data-id=\"7e361ef8\" data-element_type=\"container\" data-e-type=\"container\" id=\"service1\">\n\t\t\t\t\t<div class=\"e-con-inner\">\n\t\t<div class=\"elementor-element elementor-element-132928fd e-con-full e-flex e-con e-child\" data-id=\"132928fd\" data-element_type=\"container\" data-e-type=\"container\">\n\t\t\t\t<div class=\"elementor-element elementor-element-62b9e50a elementor-widget elementor-widget-heading\" data-id=\"62b9e50a\" data-element_type=\"widget\" data-e-type=\"widget\" data-widget_type=\"heading.default\">\n\t\t\t\t\t<h2 class=\"elementor-heading-title elementor-size-default\">Integral coaching<\/h2>\t\t\t\t<\/div>\n\t\t\t\t<div class=\"elementor-element elementor-element-0020eb0 elementor-widget elementor-widget-spacer\" data-id=\"0020eb0\" data-element_type=\"widget\" data-e-type=\"widget\" data-widget_type=\"spacer.default\">\n\t\t\t\t\t\t\t<div class=\"elementor-spacer\">\n\t\t\t<div class=\"elementor-spacer-inner\"><\/div>\n\t\t<\/div>\n\t\t\t\t\t\t<\/div>\n\t\t\t\t<div class=\"elementor-element elementor-element-7f0d478e elementor-widget elementor-widget-text-editor\" data-id=\"7f0d478e\" data-element_type=\"widget\" data-e-type=\"widget\" data-widget_type=\"text-editor.default\">\n\t\t\t\t\t\t\t\t\t<section class=\"service-detail service-integrales-coaching\"><div class=\"symptom-box\"><h3>Perhaps you know this feeling\u2026<\/h3><ul><li>Du funktionierst im Alltag, sp\u00fcrst aber innerlich Unruhe, Leere oder das Gef\u00fchl: \u201eDa m\u00fcsste noch mehr sein.&#8220;<\/li><li>Du drehst Dich immer wieder um dieselben Themen oder Muster \u2013 und kommst alleine nicht wirklich weiter.<\/li><li>Du w\u00fcnschst Dir mehr innere Klarheit und einen Weg, der nicht nur funktioniert, sondern sich auch richtig anf\u00fchlt.<\/li><\/ul><\/div><div role=\"paragraph\">Vielleicht ist es die Unruhe, die sich schon morgens beim Aufwachen meldet. Oder das Gef\u00fchl, im falschen Film mitzuspielen &#8211; obwohl von au\u00dfen alles stimmt.&#8220;<\/div><div role=\"paragraph\">\u00a0<\/div><div role=\"paragraph\">Integrales Coaching bedeutet: Dein Anliegen wird nicht auf ein einzelnes Problem reduziert. Wir schauen auf Dich als ganzen Menschen \u2013 auf das, was Du denkst, f\u00fchlst, in Deinem K\u00f6rper tr\u00e4gst und wie Du handelst. Und auf den gr\u00f6\u00dferen Zusammenhang Deines Lebens.<\/div><div role=\"paragraph\">\u00a0<\/div><div role=\"paragraph\">Was das in der Praxis bedeutet: Ich stelle Fragen, die tiefer gehen. Ich spiegele, was ich wahrnehme. Ich bringe Perspektiven ein, die neue Sichtweisen \u00f6ffnen. Kein Fahrplan von au\u00dfen \u2013 sondern ein Prozess, in dem Du Dich selbst klarer erkennst.<\/div><div role=\"paragraph\">\u00a0<\/div><div role=\"paragraph\">Gemeinsam schauen wir, was Dich wirklich bewegt, welche Muster im Hintergrund wirken und welche St\u00e4rken bereits in Dir angelegt sind. Daraus entsteht keine fertige L\u00f6sung \u2013 sondern ein n\u00e4chster Schritt, der wirklich zu Dir passt und den Du selbst tragen kannst.<\/div><div class=\"fit-box\"><h3>Integrales Coaching passt zu Dir, wenn Du\u2026<\/h3><ul><li>sp\u00fcrst, dass sich etwas ver\u00e4ndern soll \u2013 aber noch nicht genau wei\u00dft, was oder wie<\/li><li>Dich weiterentwickeln m\u00f6chtest und dabei Tiefe statt schnelle Antworten suchst<\/li><li>Denken, F\u00fchlen und K\u00f6rper als Einheit erleben und nutzen willst<\/li><\/ul><\/div><h3>Result<\/h3><p>Ein klareres Bild von Dir selbst. Mehr Vertrauen in Deine Entscheidungen. Und eine Ausrichtung, die nicht von au\u00dfen kommt \u2013 sondern von innen w\u00e4chst.<\/p><\/section>\t\t\t\t\t\t\t\t<\/div>\n\t\t\t\t<div class=\"elementor-element elementor-element-2330569 elementor-widget elementor-widget-spacer\" data-id=\"2330569\" data-element_type=\"widget\" data-e-type=\"widget\" data-widget_type=\"spacer.default\">\n\t\t\t\t\t\t\t<div class=\"elementor-spacer\">\n\t\t\t<div class=\"elementor-spacer-inner\"><\/div>\n\t\t<\/div>\n\t\t\t\t\t\t<\/div>\n\t\t\t\t<div class=\"elementor-element elementor-element-14deaa8 elementor-widget elementor-widget-heading\" data-id=\"14deaa8\" data-element_type=\"widget\" data-e-type=\"widget\" data-widget_type=\"heading.default\">\n\t\t\t\t\t<h5 class=\"elementor-heading-title elementor-size-default\">Einzelsitzungen - <br \/>\nat my place in Jork or online.<\/h5>\t\t\t\t<\/div>\n\t\t\t\t<div class=\"elementor-element elementor-element-1c74148 elementor-widget elementor-widget-spacer\" data-id=\"1c74148\" data-element_type=\"widget\" data-e-type=\"widget\" data-widget_type=\"spacer.default\">\n\t\t\t\t\t\t\t<div class=\"elementor-spacer\">\n\t\t\t<div class=\"elementor-spacer-inner\"><\/div>\n\t\t<\/div>\n\t\t\t\t\t\t<\/div>\n\t\t\t\t<div class=\"elementor-element elementor-element-de18390 elementor-align-center elementor-widget__width-initial elementor-widget elementor-widget-button\" data-id=\"de18390\" data-element_type=\"widget\" data-e-type=\"widget\" data-widget_type=\"button.default\">\n\t\t\t\t\t\t\t\t\t\t<a class=\"elementor-button elementor-button-link elementor-size-sm\" href=\"https:\/\/dankrooss.de\/en\/kontakt\/\">\n\t\t\t\t\t\t<span class=\"elementor-button-content-wrapper\">\n\t\t\t\t\t\t\t\t\t<span class=\"elementor-button-text\">Jetzt kostenloses <br>  Erstgespr\u00e4ch vereinbaren<\/span>\n\t\t\t\t\t<\/span>\n\t\t\t\t\t<\/a>\n\t\t\t\t\t\t\t\t<\/div>\n\t\t\t\t<\/div>\n\t\t\t\t<div class=\"elementor-element elementor-element-adf8d5a elementor-widget elementor-widget-spacer\" data-id=\"adf8d5a\" data-element_type=\"widget\" data-e-type=\"widget\" data-widget_type=\"spacer.default\">\n\t\t\t\t\t\t\t<div class=\"elementor-spacer\">\n\t\t\t<div class=\"elementor-spacer-inner\"><\/div>\n\t\t<\/div>\n\t\t\t\t\t\t<\/div>\n\t\t<div class=\"elementor-element elementor-element-2f14ea25 e-con-full e-flex e-con e-child\" data-id=\"2f14ea25\" data-element_type=\"container\" data-e-type=\"container\" data-settings=\"{&quot;background_background&quot;:&quot;classic&quot;}\">\n\t\t\t\t<div class=\"elementor-element elementor-element-4a519a4 elementor-widget elementor-widget-image\" data-id=\"4a519a4\" data-element_type=\"widget\" data-e-type=\"widget\" data-widget_type=\"image.default\">\n\t\t\t\t\t\t\t\t\t\t\t\t\t\t\t<img fetchpriority=\"high\" decoding=\"async\" width=\"640\" height=\"640\" src=\"https:\/\/dankrooss.de\/wp-content\/uploads\/2025\/11\/20240306_185725-scaled-e1763414902533-1024x1024.jpg\" class=\"attachment-large size-large wp-image-1365\" alt=\"\" srcset=\"https:\/\/dankrooss.de\/wp-content\/uploads\/2025\/11\/20240306_185725-scaled-e1763414902533-1024x1024.jpg 1024w, https:\/\/dankrooss.de\/wp-content\/uploads\/2025\/11\/20240306_185725-scaled-e1763414902533-300x300.jpg 300w, https:\/\/dankrooss.de\/wp-content\/uploads\/2025\/11\/20240306_185725-scaled-e1763414902533-150x150.jpg 150w, https:\/\/dankrooss.de\/wp-content\/uploads\/2025\/11\/20240306_185725-scaled-e1763414902533-768x768.jpg 768w, https:\/\/dankrooss.de\/wp-content\/uploads\/2025\/11\/20240306_185725-scaled-e1763414902533.jpg 1340w\" sizes=\"(max-width: 640px) 100vw, 640px\" \/>\t\t\t\t\t\t\t\t\t\t\t\t\t\t\t<\/div>\n\t\t\t\t<\/div>\n\t\t\t\t\t<\/div>\n\t\t\t\t<\/div>\n\t\t<div class=\"elementor-element elementor-element-1c2c392 e-flex e-con-boxed e-con e-parent\" data-id=\"1c2c392\" data-element_type=\"container\" data-e-type=\"container\">\n\t\t\t\t\t<div class=\"e-con-inner\">\n\t\t\t\t<div class=\"elementor-element elementor-element-0306882 elementor-widget elementor-widget-spacer\" data-id=\"0306882\" data-element_type=\"widget\" data-e-type=\"widget\" data-widget_type=\"spacer.default\">\n\t\t\t\t\t\t\t<div class=\"elementor-spacer\">\n\t\t\t<div class=\"elementor-spacer-inner\"><\/div>\n\t\t<\/div>\n\t\t\t\t\t\t<\/div>\n\t\t\t\t\t<\/div>\n\t\t\t\t<\/div>\n\t\t\t\t<\/div>","protected":false},"excerpt":{"rendered":"<p>Integrales Coaching Vielleicht kennst Du das\u2026 Du funktionierst im Alltag, sp\u00fcrst aber innerlich Unruhe, Leere oder das Gef\u00fchl: \u201eDa m\u00fcsste noch mehr sein.&#8220; Du drehst [&hellip;]<\/p>\n","protected":false},"author":1,"featured_media":0,"parent":0,"menu_order":0,"comment_status":"closed","ping_status":"closed","template":"elementor_header_footer","meta":{"_kadence_starter_templates_imported_post":false,"footnotes":""},"class_list":["post-1279","page","type-page","status-publish","hentry"],"_links":{"self":[{"href":"https:\/\/dankrooss.de\/en\/wp-json\/wp\/v2\/pages\/1279","targetHints":{"allow":["GET"]}}],"collection":[{"href":"https:\/\/dankrooss.de\/en\/wp-json\/wp\/v2\/pages"}],"about":[{"href":"https:\/\/dankrooss.de\/en\/wp-json\/wp\/v2\/types\/page"}],"author":[{"embeddable":true,"href":"https:\/\/dankrooss.de\/en\/wp-json\/wp\/v2\/users\/1"}],"replies":[{"embeddable":true,"href":"https:\/\/dankrooss.de\/en\/wp-json\/wp\/v2\/comments?post=1279"}],"version-history":[{"count":10,"href":"https:\/\/dankrooss.de\/en\/wp-json\/wp\/v2\/pages\/1279\/revisions"}],"predecessor-version":[{"id":3291,"href":"https:\/\/dankrooss.de\/en\/wp-json\/wp\/v2\/pages\/1279\/revisions\/3291"}],"wp:attachment":[{"href":"https:\/\/dankrooss.de\/en\/wp-json\/wp\/v2\/media?parent=1279"}],"curies":[{"name":"wp","href":"https:\/\/api.w.org\/{rel}","templated":true}]}}