{"id":1052,"date":"2025-11-12T12:18:07","date_gmt":"2025-11-12T11:18:07","guid":{"rendered":"https:\/\/dankrooss.de\/about-2\/"},"modified":"2026-04-08T17:19:43","modified_gmt":"2026-04-08T15:19:43","slug":"ueber-mich","status":"publish","type":"page","link":"https:\/\/dankrooss.de\/en\/ueber-mich\/","title":{"rendered":"About me"},"content":{"rendered":"<div data-elementor-type=\"wp-page\" data-elementor-id=\"1052\" class=\"elementor elementor-1052\" data-elementor-post-type=\"page\">\n\t\t\t\t<div class=\"elementor-element elementor-element-2ec9d630 e-con-full e-grid e-con e-parent\" data-id=\"2ec9d630\" data-element_type=\"container\" data-e-type=\"container\">\n\t\t\t\t<div class=\"elementor-element elementor-element-649e595 elementor-widget elementor-widget-image\" data-id=\"649e595\" data-element_type=\"widget\" data-e-type=\"widget\" data-widget_type=\"image.default\">\n\t\t\t\t\t\t\t\t\t\t\t\t<figure class=\"wp-caption\">\n\t\t\t\t\t\t\t\t\t\t<img fetchpriority=\"high\" decoding=\"async\" width=\"999\" height=\"1213\" src=\"https:\/\/dankrooss.de\/wp-content\/uploads\/2025\/11\/20251116_195432-1.webp\" class=\"attachment-full size-full wp-image-1730\" alt=\"\" srcset=\"https:\/\/dankrooss.de\/wp-content\/uploads\/2025\/11\/20251116_195432-1.webp 999w, https:\/\/dankrooss.de\/wp-content\/uploads\/2025\/11\/20251116_195432-1-247x300.webp 247w, https:\/\/dankrooss.de\/wp-content\/uploads\/2025\/11\/20251116_195432-1-843x1024.webp 843w, https:\/\/dankrooss.de\/wp-content\/uploads\/2025\/11\/20251116_195432-1-768x933.webp 768w\" sizes=\"(max-width: 999px) 100vw, 999px\" \/>\t\t\t\t\t\t\t\t\t\t\t<figcaption class=\"widget-image-caption wp-caption-text\">Echte Entwicklung geschieht, wenn Bewusstsein, Herz und Handlung wieder in Einklang kommen.<\/figcaption>\n\t\t\t\t\t\t\t\t\t\t<\/figure>\n\t\t\t\t\t\t\t\t\t<\/div>\n\t\t\t\t<div class=\"elementor-element elementor-element-64c5c24 elementor-widget elementor-widget-text-editor\" data-id=\"64c5c24\" data-element_type=\"widget\" data-e-type=\"widget\" data-widget_type=\"text-editor.default\">\n\t\t\t\t\t\t\t\t\t<section class=\"about-sec\">\n<h2>About me<\/h2>\nMenschen in Momenten zu begleiten, in denen sich etwas grundlegend ver\u00e4ndern soll \u2013 das ist der Kern meiner Arbeit. Nicht mit fertigen Antworten, sondern mit der Bereitschaft, wirklich hinzuschauen: auf das, was jemanden antreibt, was ihn bremst und was bereits in ihm angelegt ist.\n<h3>My approach<\/h3>\nIm Mittelpunkt meiner Arbeit steht nicht eine bestimmte Methode, sondern die Frage: Was braucht dieser Mensch \u2013 jetzt, in dieser Phase seines Lebens?\n\nJe nach Thema und Prozess verbinde ich Gespr\u00e4chsarbeit, K\u00f6rper- und Atemarbeit, hypnotherapeutische Zug\u00e4nge und Aufstellungselemente. Nicht als festes Programm, sondern situativ \u2013 eingesetzt dann, wenn es passt und tr\u00e4gt.\n\nWas dabei konstant bleibt: ein klarer Rahmen, echtes Zuh\u00f6ren und die \u00dcberzeugung, dass Menschen sich selbst am besten kennen \u2013 wenn sie den Raum haben, wirklich hinzuh\u00f6ren.\n<h3>My background<\/h3>\n\u00dcber zwanzig Jahre habe ich in der IT gearbeitet \u2013 in verschiedenen Branchen und Unternehmenskulturen, von Apple in Irland \u00fcber Versicherung und Luftfahrt bis zur Energiewirtschaft. Strukturen, Prozesse, menschliche Dynamiken in Organisationen: das kenne ich von innen.\nParallel dazu hat mich immer das interessiert, was sich hinter dem Sichtbaren abspielt \u2013 in Menschen, in Systemen, in Ver\u00e4nderungsprozessen. Die Heilpraktikerausbildung und die Ausbildung zum integralen Coach und Berater an der Integralis Akademie Hamburg haben schlie\u00dflich zusammengef\u00fchrt, was mich schon lange besch\u00e4ftigt: die Verbindung von analytischer Klarheit und menschlicher Tiefe. Erg\u00e4nzt durch eine Grundausbildung in Traditioneller Chinesischer Medizin und NLP hat sich daraus eine Arbeitsweise entwickelt, die sowohl strukturiert als auch lebendig ist.\n<h3>My qualification<\/h3>\n<ul>\n \t<li style=\"list-style-type: none;\">\n<ul>\n \t<li>Over 20 years of professional experience in various industries and corporate cultures in the IT sector \u2013 with a deep understanding of structures, processes and human dynamics in organizations.<\/li>\n \t<li>Abgeschlossene Heilpraktiker-Ausbildung in der Arcana Heilpraktikerschule in Hamburg (2011 &#8211; 2014)<\/li>\n \t<li>Integraler Berater Integralis Akademie Hamburg (2022 &#8211; 2025)<\/li>\n \t<li>Grundausbildung in Traditioneller Chinesischer Medizin im CCM in Hamburg (2015 &#8211; 2016)<\/li>\n \t<li>NLP-Ausbildung &#8222;NLP in Beruf und Alltag&#8220;.<\/li>\n \t<li>Englisch flie\u00dfend<\/li>\n<\/ul>\n<\/li>\n<br>\nWenn Du neugierig geworden bist: Ich biete ein kostenloses Erstgespr\u00e4ch an \u2013 ohne Verpflichtung, ohne Verkaufsgespr\u00e4ch. Einfach um zu schauen, ob wir zueinander passen.\n<br><br>\n<\/section>\n<div role=\"paragraph\"><\/div>\n<section class=\"about-sec\">\n<p style=\"font-size: 1.4rem; text-align: center;\">In Jork or online.<br>\nConfidential. Effective. On equal terms.<\/p>\n\n<\/section>\t\t\t\t\t\t\t\t<\/div>\n\t\t<div class=\"elementor-element elementor-element-83b61fd e-flex e-con-boxed e-con e-child\" data-id=\"83b61fd\" data-element_type=\"container\" data-e-type=\"container\">\n\t\t\t\t\t<div class=\"e-con-inner\">\n\t\t\t\t\t<\/div>\n\t\t\t\t<\/div>\n\t\t\t\t<div class=\"elementor-element elementor-element-b25daee elementor-align-center elementor-widget__width-initial elementor-widget elementor-widget-button\" data-id=\"b25daee\" data-element_type=\"widget\" data-e-type=\"widget\" data-widget_type=\"button.default\">\n\t\t\t\t\t\t\t\t\t\t<a class=\"elementor-button elementor-button-link elementor-size-sm\" href=\"https:\/\/dankrooss.de\/en\/kontakt\/\">\n\t\t\t\t\t\t<span class=\"elementor-button-content-wrapper\">\n\t\t\t\t\t\t\t\t\t<span class=\"elementor-button-text\">Jetzt kostenloses <br>  Erstgespr\u00e4ch vereinbaren<\/span>\n\t\t\t\t\t<\/span>\n\t\t\t\t\t<\/a>\n\t\t\t\t\t\t\t\t<\/div>\n\t\t\t\t<\/div>\n\t\t\t\t<\/div>","protected":false},"excerpt":{"rendered":"<p>Echte Entwicklung geschieht, wenn Bewusstsein, Herz und Handlung wieder in Einklang kommen. \u00dcber mich Menschen in Momenten zu begleiten, in denen sich etwas grundlegend ver\u00e4ndern [&hellip;]<\/p>\n","protected":false},"author":1,"featured_media":0,"parent":0,"menu_order":0,"comment_status":"closed","ping_status":"closed","template":"elementor_header_footer","meta":{"_kadence_starter_templates_imported_post":false,"footnotes":""},"class_list":["post-1052","page","type-page","status-publish","hentry"],"_links":{"self":[{"href":"https:\/\/dankrooss.de\/en\/wp-json\/wp\/v2\/pages\/1052","targetHints":{"allow":["GET"]}}],"collection":[{"href":"https:\/\/dankrooss.de\/en\/wp-json\/wp\/v2\/pages"}],"about":[{"href":"https:\/\/dankrooss.de\/en\/wp-json\/wp\/v2\/types\/page"}],"author":[{"embeddable":true,"href":"https:\/\/dankrooss.de\/en\/wp-json\/wp\/v2\/users\/1"}],"replies":[{"embeddable":true,"href":"https:\/\/dankrooss.de\/en\/wp-json\/wp\/v2\/comments?post=1052"}],"version-history":[{"count":10,"href":"https:\/\/dankrooss.de\/en\/wp-json\/wp\/v2\/pages\/1052\/revisions"}],"predecessor-version":[{"id":3279,"href":"https:\/\/dankrooss.de\/en\/wp-json\/wp\/v2\/pages\/1052\/revisions\/3279"}],"wp:attachment":[{"href":"https:\/\/dankrooss.de\/en\/wp-json\/wp\/v2\/media?parent=1052"}],"curies":[{"name":"wp","href":"https:\/\/api.w.org\/{rel}","templated":true}]}}