{"id":1048,"date":"2025-11-12T12:18:07","date_gmt":"2025-11-12T11:18:07","guid":{"rendered":"https:\/\/dankrooss.de\/services\/"},"modified":"2026-04-08T17:21:25","modified_gmt":"2026-04-08T15:21:25","slug":"aufstellungen-schattenarbeit","status":"publish","type":"page","link":"https:\/\/dankrooss.de\/en\/aufstellungen-schattenarbeit\/","title":{"rendered":"Meine Angebote &#8211; Aufstellungen &#038; Schattenarbeit"},"content":{"rendered":"<div data-elementor-type=\"wp-page\" data-elementor-id=\"1048\" class=\"elementor elementor-1048\" data-elementor-post-type=\"page\">\n\t\t\t\t<div class=\"elementor-element elementor-element-79337ab3 e-flex e-con-boxed e-con e-parent\" data-id=\"79337ab3\" data-element_type=\"container\" data-e-type=\"container\">\n\t\t\t\t\t<div class=\"e-con-inner\">\n\t\t\t\t\t<\/div>\n\t\t\t\t<\/div>\n\t\t<div class=\"elementor-element elementor-element-7e361ef8 e-flex e-con-boxed e-con e-parent\" data-id=\"7e361ef8\" data-element_type=\"container\" data-e-type=\"container\" id=\"service1\">\n\t\t\t\t\t<div class=\"e-con-inner\">\n\t\t<div class=\"elementor-element elementor-element-132928fd e-con-full e-flex e-con e-child\" data-id=\"132928fd\" data-element_type=\"container\" data-e-type=\"container\">\n\t\t\t\t<div class=\"elementor-element elementor-element-62b9e50a elementor-widget elementor-widget-heading\" data-id=\"62b9e50a\" data-element_type=\"widget\" data-e-type=\"widget\" data-widget_type=\"heading.default\">\n\t\t\t\t\t<h2 class=\"elementor-heading-title elementor-size-default\">Systemic Constellations &amp; Shadow Work<\/h2>\t\t\t\t<\/div>\n\t\t\t\t<div class=\"elementor-element elementor-element-cfe2f06 elementor-widget elementor-widget-spacer\" data-id=\"cfe2f06\" data-element_type=\"widget\" data-e-type=\"widget\" data-widget_type=\"spacer.default\">\n\t\t\t\t\t\t\t<div class=\"elementor-spacer\">\n\t\t\t<div class=\"elementor-spacer-inner\"><\/div>\n\t\t<\/div>\n\t\t\t\t\t\t<\/div>\n\t\t\t\t<div class=\"elementor-element elementor-element-7f0d478e elementor-widget elementor-widget-text-editor\" data-id=\"7f0d478e\" data-element_type=\"widget\" data-e-type=\"widget\" data-widget_type=\"text-editor.default\">\n\t\t\t\t\t\t\t\t\t<section class=\"service-detail service-aufstellungen-schattenarbeit\"><div class=\"symptom-box\"><h3>Perhaps you know this feeling\u2026<\/h3><ul><li>Du ger\u00e4tst immer wieder in Konflikte \u2013 mit \u00e4hnlichen Menschen, in \u00e4hnlichen Dynamiken.<\/li><li>Du reagierst in bestimmten Situationen heftiger, als Du es Dir w\u00fcnschst \u2013 und wei\u00dft hinterher nicht genau, was da ausgel\u00f6st wurde.<\/li><li>Du sp\u00fcrst, dass etwas aus der Vergangenheit noch nachwirkt: alte Pr\u00e4gungen, Loyalit\u00e4ten, Glaubenss\u00e4tze \u2013 aber Du kannst es nicht klar greifen.<\/li><\/ul><\/div><p>Vielleicht ist es eine Rolle, die Du fr\u00fch \u00fcbernommen hast &#8211; und die Dich in neuen Situationen noch immer einholt. Oder ein Glaubenssatz, der so vertraut ist, dass Du ihn kaum noch als Glaubenssatz erkennst. Der Kollege, der Dich auf eine Weise triggert, die Du Dir selbst nicht erkl\u00e4ren kannst. Das Muster in Beziehungen, das sich immer wiederholt &#8211; egal mit wem.<\/p><p>\u00a0<\/p><p>Manches, was uns innerlich antreibt oder bremst, ist uns nicht bewusst \u2013 es wirkt einfach. Alte Pr\u00e4gungen, abgespaltene innere Anteile, unbewusste Loyalit\u00e4ten: Sie zeigen sich in Mustern, die sich wiederholen, obwohl wir es l\u00e4ngst anders wollen.<\/p><p>\u00a0<\/p><p>In Aufstellungen und Schattenarbeit machen wir genau das sichtbar. Wir arbeiten mit coachingorientierter Aufstellungsarbeit im Einzelsetting \u2013 zum Beispiel mit Bodenankern, Perspektivwechseln und Anteile-Aufstellungen. Keine Gruppen, keine gro\u00dfen Inszenierungen \u2013 sondern ein ruhiger, strukturierter Rahmen, der Dir erlaubt, Dinge aus einem neuen Blickwinkel zu sehen.<\/p><p>\u00a0<\/p><p>Ich begleite Dich achtsam in dieses Terrain: aufmerksam f\u00fcr das, was sich zeigt, sorgf\u00e4ltig im Tempo, klar in der F\u00fchrung. So k\u00f6nnen innere Konflikte, Beziehungsmuster oder blockierende Glaubenss\u00e4tze greifbar werden \u2013 nicht damit Du sie \u201ewegmachst&#8220;, sondern damit Du sie verstehen und integrieren kannst.<\/p><p>Schattenarbeit bedeutet f\u00fcr mich nicht Problemfokus, sondern Vers\u00f6hnung mit den Teilen in Dir, die bisher keinen Platz hatten. Wenn Du ihnen bewusst begegnest, entsteht mehr Ganzheit, Freiheit und Authentizit\u00e4t. Und neue M\u00f6glichkeiten, die vorher verschlossen waren.<\/p><div class=\"fit-box\"><h3>Aufstellungen &amp; Schattenarbeit passen zu Dir, wenn Du\u2026<\/h3><ul><li>immer wieder in \u00e4hnliche Muster oder Konflikte ger\u00e4tst \u2013 und wirklich verstehen willst, warum<\/li><li>das Gef\u00fchl hast, dass etwas in Dir arbeitet, das Du noch nicht klar benennen kannst<\/li><li>bereit bist, Dich auch den unbequemeren Teilen in Dir zuzuwenden \u2013 neugierig statt k\u00e4mpfend<\/li><\/ul><\/div><h3>Result<\/h3><p>Weniger Kampf mit Dir selbst. Mehr Verst\u00e4ndnis f\u00fcr das, was Dich wirklich antreibt. Und neue Handlungsm\u00f6glichkeiten, wo vorher nur das alte Muster war.<\/p><\/section>\t\t\t\t\t\t\t\t<\/div>\n\t\t\t\t<div class=\"elementor-element elementor-element-a35e904 elementor-widget elementor-widget-spacer\" data-id=\"a35e904\" data-element_type=\"widget\" data-e-type=\"widget\" data-widget_type=\"spacer.default\">\n\t\t\t\t\t\t\t<div class=\"elementor-spacer\">\n\t\t\t<div class=\"elementor-spacer-inner\"><\/div>\n\t\t<\/div>\n\t\t\t\t\t\t<\/div>\n\t\t\t\t<div class=\"elementor-element elementor-element-5683c83 elementor-widget elementor-widget-heading\" data-id=\"5683c83\" data-element_type=\"widget\" data-e-type=\"widget\" data-widget_type=\"heading.default\">\n\t\t\t\t\t<h5 class=\"elementor-heading-title elementor-size-default\">Einzelsitzungen - <br \/>\nat my place in Jork or online.<\/h5>\t\t\t\t<\/div>\n\t\t\t\t<div class=\"elementor-element elementor-element-4c08c10 elementor-widget elementor-widget-spacer\" data-id=\"4c08c10\" data-element_type=\"widget\" data-e-type=\"widget\" data-widget_type=\"spacer.default\">\n\t\t\t\t\t\t\t<div class=\"elementor-spacer\">\n\t\t\t<div class=\"elementor-spacer-inner\"><\/div>\n\t\t<\/div>\n\t\t\t\t\t\t<\/div>\n\t\t\t\t<div class=\"elementor-element elementor-element-b73881b elementor-widget elementor-widget-spacer\" data-id=\"b73881b\" data-element_type=\"widget\" data-e-type=\"widget\" data-widget_type=\"spacer.default\">\n\t\t\t\t\t\t\t<div class=\"elementor-spacer\">\n\t\t\t<div class=\"elementor-spacer-inner\"><\/div>\n\t\t<\/div>\n\t\t\t\t\t\t<\/div>\n\t\t\t\t<div class=\"elementor-element elementor-element-255be2d elementor-align-center elementor-widget__width-initial elementor-widget elementor-widget-button\" data-id=\"255be2d\" data-element_type=\"widget\" data-e-type=\"widget\" data-widget_type=\"button.default\">\n\t\t\t\t\t\t\t\t\t\t<a class=\"elementor-button elementor-button-link elementor-size-sm\" href=\"https:\/\/dankrooss.de\/en\/kontakt\/\">\n\t\t\t\t\t\t<span class=\"elementor-button-content-wrapper\">\n\t\t\t\t\t\t\t\t\t<span class=\"elementor-button-text\">Jetzt kostenloses <br>  Erstgespr\u00e4ch vereinbaren<\/span>\n\t\t\t\t\t<\/span>\n\t\t\t\t\t<\/a>\n\t\t\t\t\t\t\t\t<\/div>\n\t\t\t\t<\/div>\n\t\t<div class=\"elementor-element elementor-element-2f14ea25 e-con-full e-flex e-con e-child\" data-id=\"2f14ea25\" data-element_type=\"container\" data-e-type=\"container\" data-settings=\"{&quot;background_background&quot;:&quot;classic&quot;}\">\n\t\t\t\t<div class=\"elementor-element elementor-element-eaf14f7 elementor-widget elementor-widget-image\" data-id=\"eaf14f7\" data-element_type=\"widget\" data-e-type=\"widget\" data-widget_type=\"image.default\">\n\t\t\t\t\t\t\t\t\t\t\t\t\t\t\t<img fetchpriority=\"high\" decoding=\"async\" width=\"640\" height=\"480\" src=\"https:\/\/dankrooss.de\/wp-content\/uploads\/2025\/10\/20250929_163746-1024x768.webp\" class=\"attachment-large size-large wp-image-34\" alt=\"\" srcset=\"https:\/\/dankrooss.de\/wp-content\/uploads\/2025\/10\/20250929_163746-1024x768.webp 1024w, https:\/\/dankrooss.de\/wp-content\/uploads\/2025\/10\/20250929_163746-300x225.webp 300w, https:\/\/dankrooss.de\/wp-content\/uploads\/2025\/10\/20250929_163746-768x576.webp 768w, https:\/\/dankrooss.de\/wp-content\/uploads\/2025\/10\/20250929_163746.webp 1280w\" sizes=\"(max-width: 640px) 100vw, 640px\" \/>\t\t\t\t\t\t\t\t\t\t\t\t\t\t\t<\/div>\n\t\t\t\t<\/div>\n\t\t\t\t\t<\/div>\n\t\t\t\t<\/div>\n\t\t\t\t<\/div>","protected":false},"excerpt":{"rendered":"<p>Aufstellungen &amp; Schattenarbeit Vielleicht kennst Du das\u2026 Du ger\u00e4tst immer wieder in Konflikte \u2013 mit \u00e4hnlichen Menschen, in \u00e4hnlichen Dynamiken. Du reagierst in bestimmten Situationen [&hellip;]<\/p>\n","protected":false},"author":1,"featured_media":0,"parent":0,"menu_order":0,"comment_status":"closed","ping_status":"closed","template":"elementor_header_footer","meta":{"_kadence_starter_templates_imported_post":false,"footnotes":""},"class_list":["post-1048","page","type-page","status-publish","hentry"],"_links":{"self":[{"href":"https:\/\/dankrooss.de\/en\/wp-json\/wp\/v2\/pages\/1048","targetHints":{"allow":["GET"]}}],"collection":[{"href":"https:\/\/dankrooss.de\/en\/wp-json\/wp\/v2\/pages"}],"about":[{"href":"https:\/\/dankrooss.de\/en\/wp-json\/wp\/v2\/types\/page"}],"author":[{"embeddable":true,"href":"https:\/\/dankrooss.de\/en\/wp-json\/wp\/v2\/users\/1"}],"replies":[{"embeddable":true,"href":"https:\/\/dankrooss.de\/en\/wp-json\/wp\/v2\/comments?post=1048"}],"version-history":[{"count":10,"href":"https:\/\/dankrooss.de\/en\/wp-json\/wp\/v2\/pages\/1048\/revisions"}],"predecessor-version":[{"id":3282,"href":"https:\/\/dankrooss.de\/en\/wp-json\/wp\/v2\/pages\/1048\/revisions\/3282"}],"wp:attachment":[{"href":"https:\/\/dankrooss.de\/en\/wp-json\/wp\/v2\/media?parent=1048"}],"curies":[{"name":"wp","href":"https:\/\/api.w.org\/{rel}","templated":true}]}}